{"id":37,"date":"2013-08-21T12:15:54","date_gmt":"2013-08-21T10:15:54","guid":{"rendered":"http:\/\/wp.wcos.de\/?page_id=37"},"modified":"2017-11-03T09:54:25","modified_gmt":"2017-11-03T08:54:25","slug":"hidden_home","status":"publish","type":"page","link":"https:\/\/www.wcos.de\/","title":{"rendered":"Herzlich Willkommen!"},"content":{"rendered":"<p><img loading=\"lazy\" decoding=\"async\" class=\"wp-image-159 aligncenter\" src=\"https:\/\/www.wcos.de\/wp-content\/uploads\/2016\/01\/skills.png\" alt=\"\" width=\"336\" height=\"206\" srcset=\"https:\/\/www.wcos.de\/wp-content\/uploads\/2016\/01\/skills.png 650w, https:\/\/www.wcos.de\/wp-content\/uploads\/2016\/01\/skills-300x185.png 300w\" sizes=\"auto, (max-width: 336px) 100vw, 336px\" \/>Seit Gr\u00fcndung der Firma im Januar 1996 spezifizieren und erstellen wir im Kundenauftrag individuelle Software f\u00fcr diverse Anwendungsgebiete und Zielplattformen. Dar\u00fcber hinaus bieten wir Unterst\u00fctzung bei der Umsetzung von Softwareprojekten an.<\/p>\n<p>Einen weiteren Schwerpunkt stellen die Themen Smartcards und PKI dar. Wir f\u00fchren entwicklungsbegleitende Tests von Smartcard-Betriebssystemen durch und erstellen Software zur Produktion und Einbindung von Chipkarten.<\/p>\n<p><a href=\"https:\/\/www.wcos.de\/?page_id=63\">Wie k\u00f6nnen wir Sie unterst\u00fctzen?<\/a><\/p>\n","protected":false},"excerpt":{"rendered":"<p>Seit Gr\u00fcndung der Firma im Januar 1996 spezifizieren und erstellen wir im Kundenauftrag individuelle Software f\u00fcr diverse Anwendungsgebiete und Zielplattformen. Dar\u00fcber hinaus bieten wir Unterst\u00fctzung bei der Umsetzung von Softwareprojekten an. Einen weiteren Schwerpunkt stellen die Themen Smartcards und PKI &hellip; <a href=\"https:\/\/www.wcos.de\/\">Weiterlesen <span class=\"meta-nav\">&rarr;<\/span><\/a><\/p>\n","protected":false},"author":1,"featured_media":0,"parent":0,"menu_order":0,"comment_status":"closed","ping_status":"closed","template":"","meta":{"footnotes":""},"class_list":["post-37","page","type-page","status-publish","hentry"],"_links":{"self":[{"href":"https:\/\/www.wcos.de\/index.php?rest_route=\/wp\/v2\/pages\/37","targetHints":{"allow":["GET"]}}],"collection":[{"href":"https:\/\/www.wcos.de\/index.php?rest_route=\/wp\/v2\/pages"}],"about":[{"href":"https:\/\/www.wcos.de\/index.php?rest_route=\/wp\/v2\/types\/page"}],"author":[{"embeddable":true,"href":"https:\/\/www.wcos.de\/index.php?rest_route=\/wp\/v2\/users\/1"}],"replies":[{"embeddable":true,"href":"https:\/\/www.wcos.de\/index.php?rest_route=%2Fwp%2Fv2%2Fcomments&post=37"}],"version-history":[{"count":29,"href":"https:\/\/www.wcos.de\/index.php?rest_route=\/wp\/v2\/pages\/37\/revisions"}],"predecessor-version":[{"id":209,"href":"https:\/\/www.wcos.de\/index.php?rest_route=\/wp\/v2\/pages\/37\/revisions\/209"}],"wp:attachment":[{"href":"https:\/\/www.wcos.de\/index.php?rest_route=%2Fwp%2Fv2%2Fmedia&parent=37"}],"curies":[{"name":"wp","href":"https:\/\/api.w.org\/{rel}","templated":true}]}}