{"id":13,"date":"2013-08-21T08:04:05","date_gmt":"2013-08-21T08:04:05","guid":{"rendered":"http:\/\/wp.wcos.de\/?page_id=13"},"modified":"2018-05-02T14:46:56","modified_gmt":"2018-05-02T12:46:56","slug":"referenzen","status":"publish","type":"page","link":"https:\/\/www.wcos.de\/?page_id=13","title":{"rendered":"Referenzen"},"content":{"rendered":"<p><a href=\"#develop\">Zu den Softwareprojekten<\/a><\/p>\n<h2><a name=\"test\"><\/a>Entwicklungsbegleitende Chipkartentests<\/h2>\n<p>Chipkarten begegnen uns im Alltag beispielsweise in Form einer EC Karte, der Gesundheitskarte oder des neuen Personalausweises. Diesen Karten gemeinsam ist ein modernes, leistungsf\u00e4higes und sicheres Betriebssystem mit kryptographischer Funktionalit\u00e4t.<\/p>\n<p>In folgenden Projekten sind wir bis heute unterst\u00fctzend t\u00e4tig:<\/p>\n<ul>\n<li>Elektronischer Personalausweis<\/li>\n<li>Elektronischer Reisepass<\/li>\n<li>Elektronische Gesundheitskarte und HBA, G1, G2<\/li>\n<li>TCOS3, TCOS4<\/li>\n<li>LKW Maut<\/li>\n<li>HBCI<\/li>\n<\/ul>\n<h2><a name=\"develop\"><\/a>Softwareprojekte<\/h2>\n<p>Anhand der nachfolgend ausgew\u00e4hlten Projekte m\u00f6chten wir Ihnen die technologische Vielfalt unserer Arbeit etwas n\u00e4her bringen.<\/p>\n<h3><span style=\"text-decoration: underline;\"><span style=\"font-family: Arial,Arial,Helvetica;\">Konfigurator f\u00fcr Energief\u00fchrungsketten<\/span><\/span><\/h3>\n<p>Auftraggeber: Murrplastik Systemtechnik GmbH<\/p>\n<p>Webapplikation zur Konfiguration von Energief\u00fchrungsketten. Die Energief\u00fchrungskette ist ein Bauteil im Maschinenbau, das flexible Kabel, pneumatische oder hydraulische Leitungen f\u00fchrt und sch\u00fctzt. Die Kabel sind an einem Maschinenteil angeschlossen, welches dauernd hin und her bewegt wird.<\/p>\n<p><a href=\"https:\/\/mympchain.com\/\" target=\"_blank\" rel=\"noopener\">Hier geht es zum Kettenkonfigurator<\/a><\/p>\n<p>Know-How:<\/p>\n<ul>\n<li>Webapplikation mit intuitive Benutzerf\u00fchrung in responsive Design<\/li>\n<li>PHP, HTML und jQuery<\/li>\n<li>Datenbankanbindung<\/li>\n<\/ul>\n<h3><span style=\"text-decoration: underline;\"><span style=\"font-family: Arial,Arial,Helvetica;\">Authentifizierungsplattform TeleSec-OneTimePass<\/span><\/span><\/h3>\n<p>Auftraggeber: T-Systems International GmbH<\/p>\n<p>TeleSec-OneTimePass als zentrale Authentifizierungsplattform bietet den Kunden die Nutzung von Einmalpassw\u00f6rtern f\u00fcr unterschiedlichste Anwendungsf\u00e4lle an. Einmalpassw\u00f6rter sind, wie der Name suggeriert, nur f\u00fcr eine Anmeldung\/Transaktion g\u00fcltig. Entweder ersetzen diese das statische Passwort oder dienen als zweiter Faktor. Die Generierung erfolgt \u00fcber Token, z.B. mit einer Smartphone-App.<\/p>\n<p>An der Entwicklung sind wir ma\u00dfgeblich und kontinuierlich beteiligt.<br \/>\n<a href=\"https:\/\/www.telesec.de\/de\/otp\" target=\"_blank\" rel=\"noopener\">Hier geht es zur Produktbeschreibung<\/a><\/p>\n<p>Know-how:<\/p>\n<ul>\n<li>iOS, Android und Windows Mobile Applikationen<\/li>\n<li>Administrationsapplikationen auf verschiedenen Ebenen<\/li>\n<li>Webapplikationen und Webservices<\/li>\n<li>Kryptographie<\/li>\n<li>Datenbanken<\/li>\n<li>Authentifizierungsprotokolle und Server<\/li>\n<\/ul>\n<h3><span style=\"text-decoration: underline;\">Signatur- und Verifikationskomponente f\u00fcr das De-Mail Kernsystem<\/span><\/h3>\n<p>Auftraggeber: T-Systems International GmbH<\/p>\n<p>Auf der CeBIT Im M\u00e4rz 2012 wurde die Deutsche Telekom AG durch das Bundesamt f\u00fcr Sicherheit in der Informationstechnik (BSI) als <a href=\"http:\/\/www.telekom.de\/de-mail\" target=\"_blank\" rel=\"noopener\">Diensteanbieter f\u00fcr De-Mail<\/a> akkreditiert. An der Umsetzung der im Kernsystem eingesetzten Signatur- und Verifikationskomponente f\u00fcr qualifizierte elektronische Signaturen (QES) sind wir ma\u00dfgeblich beteiligt.<\/p>\n<p>Know-how:<\/p>\n<ul>\n<li>Deutsches Signaturgesetz (SigG), Qualifizierte elektronische Signatur (QES)<\/li>\n<li>RFC 5322 (Internet Message Format), RFC 4871 (DKIM)<\/li>\n<li>Applikationsserver (Webapplikationen und Webservices)<\/li>\n<\/ul>\n<h3><span style=\"text-decoration: underline;\"><span style=\"font-family: Arial,Arial,Helvetica;\">Software zur Chipkarten-Personalisierung<br \/>\n<\/span><\/span><\/h3>\n<p>Auftraggeber: T-Systems International GmbH<\/p>\n<p>Bei der Personalisierung einer Chipkarte geht es in erster Linie um die Beschreibung des Chips. Auf diesem werden in verschiedenen Phasen Code, Verzeichnisstruktur, Applikationen und Daten aufgebracht. Bei dem Datenmaterial handelt es sich, je nach Anwendungsfall, um maschinenlesbare Daten (z.B. CV Zertifikate), personenbezogene Daten (z.B. X.509 Zertifikate),\u00a0 aber auch um Schl\u00fcsselmaterial, welches zu Authentifizierungszwecken (der Chip weist sich gegen\u00fcber einer Anwendung aus &#8211; oder auch umgekehrt), zur Datenverschl\u00fcsselung (z.B. von E-Mails) oder zur digitalen Signatur verwendet wird.<br \/>\nDie Software ist in der Lage, je nach eingesetzter Kodier-Hardware, Chips zu beschreiben, welche\u00a0auf einer Rolle, \u00e4hnlich einer Filmrolle, angeliefert werden aber auch solche, die bereits in Plastik eingebettet sind. F\u00fcr Letztere erfolgt auch die Bedruckung der Karte, z.B. mit einer Kartennummer oder einem Foto.<\/p>\n<p>Know-how:<\/p>\n<ul>\n<li>Chipkartenprotokolle und Kommandos (ISO 7816)<\/li>\n<li>Kryptographische Algorithmen<\/li>\n<li>Prozessdatenverarbeitung<\/li>\n<li>Netzwerkprotokolle<\/li>\n<li>Datenbankkenntnisse (SQL und Design)<\/li>\n<li>Webapplikationen<\/li>\n<li>Interaktive Benutzerf\u00fchrung<\/li>\n<li>Auftragsmanagement<\/li>\n<\/ul>\n<p>Mit dieser Software werden unter anderem folgende Karten gefertigt:<\/p>\n<ul>\n<li><a href=\"https:\/\/www.telesec.de\/de\/signaturkarte\" target=\"_blank\" rel=\"noopener\">PKS Signaturkarte f\u00fcr den Einsatz nach SigG, bzw. eIDAS<\/a><\/li>\n<li>Unternehmensausweise (Geb\u00e4udezutritt, Single Sign-On, E-Mail-Sicherheit)<\/li>\n<li>Verschiedene Kartentypen f\u00fcr das LKW-Maut-System in Deutschland (Toll Collect)<\/li>\n<li>Karten f\u00fcr Ticketsysteme im \u00d6PNV<\/li>\n<li>Karten f\u00fcr die\u00a0Telematikinfrastruktur des Gesundheitswesens (SMC-K, SMB-KT)<\/li>\n<\/ul>\n<h3><span style=\"text-decoration: underline;\">Bibliotheken zur Einbindung von Chipkarten in verschiedene Betriebssysteme<\/span><\/h3>\n<p>Auftraggeber: T-Systems International GmbH<\/p>\n<p>Um als Anwender eine Chipkarte nutzen zu k\u00f6nnen, ben\u00f6tigt man i.d.R. einen Kartenleser. Auf dem Weg vom Kartenleser zur Applikation liegen, je nach Betriebssystem und API, mehrere Softwareschichten \u00fcbereinander. F\u00fcr die Nutzung von TCOS Karten haben wir f\u00fcr verschiedene Betriebssysteme Bibliotheken und Anwendungen erstellt.<\/p>\n<ul>\n<li>PKCS#11 Modul f\u00fcr Microsoft Windows, Linux, OS X<\/li>\n<li>PKCS#11 Modul f\u00fcr Android<\/li>\n<li>Smartcard Base-CSP f\u00fcr Microsoft Windows (Rollout \u00fcber Mircosoft Update)<\/li>\n<\/ul>\n","protected":false},"excerpt":{"rendered":"<p>Zu den Softwareprojekten Entwicklungsbegleitende Chipkartentests Chipkarten begegnen uns im Alltag beispielsweise in Form einer EC Karte, der Gesundheitskarte oder des neuen Personalausweises. Diesen Karten gemeinsam ist ein modernes, leistungsf\u00e4higes und sicheres Betriebssystem mit kryptographischer Funktionalit\u00e4t. In folgenden Projekten sind wir &hellip; <a href=\"https:\/\/www.wcos.de\/?page_id=13\">Weiterlesen <span class=\"meta-nav\">&rarr;<\/span><\/a><\/p>\n","protected":false},"author":1,"featured_media":0,"parent":0,"menu_order":0,"comment_status":"closed","ping_status":"closed","template":"","meta":{"footnotes":""},"class_list":["post-13","page","type-page","status-publish","hentry"],"_links":{"self":[{"href":"https:\/\/www.wcos.de\/index.php?rest_route=\/wp\/v2\/pages\/13","targetHints":{"allow":["GET"]}}],"collection":[{"href":"https:\/\/www.wcos.de\/index.php?rest_route=\/wp\/v2\/pages"}],"about":[{"href":"https:\/\/www.wcos.de\/index.php?rest_route=\/wp\/v2\/types\/page"}],"author":[{"embeddable":true,"href":"https:\/\/www.wcos.de\/index.php?rest_route=\/wp\/v2\/users\/1"}],"replies":[{"embeddable":true,"href":"https:\/\/www.wcos.de\/index.php?rest_route=%2Fwp%2Fv2%2Fcomments&post=13"}],"version-history":[{"count":37,"href":"https:\/\/www.wcos.de\/index.php?rest_route=\/wp\/v2\/pages\/13\/revisions"}],"predecessor-version":[{"id":227,"href":"https:\/\/www.wcos.de\/index.php?rest_route=\/wp\/v2\/pages\/13\/revisions\/227"}],"wp:attachment":[{"href":"https:\/\/www.wcos.de\/index.php?rest_route=%2Fwp%2Fv2%2Fmedia&parent=13"}],"curies":[{"name":"wp","href":"https:\/\/api.w.org\/{rel}","templated":true}]}}